{"id":5217,"date":"2023-02-26T16:27:10","date_gmt":"2023-02-26T16:27:10","guid":{"rendered":"https:\/\/studiopixelsa.it\/?page_id=5217"},"modified":"2023-02-26T16:50:30","modified_gmt":"2023-02-26T16:50:30","slug":"know-how-aziendale","status":"publish","type":"page","link":"https:\/\/studiopixelsa.it\/?page_id=5217","title":{"rendered":"Know How Aziendale"},"content":{"rendered":"\t\t<div data-elementor-type=\"wp-page\" data-elementor-id=\"5217\" class=\"elementor elementor-5217\">\n\t\t\t\t\t\t<section class=\"elementor-section elementor-top-section elementor-element elementor-element-89c5b99 elementor-section-boxed elementor-section-height-default elementor-section-height-default\" data-id=\"89c5b99\" data-element_type=\"section\" data-e-type=\"section\">\n\t\t\t\t\t\t<div class=\"elementor-container elementor-column-gap-default\">\n\t\t\t\t\t<div class=\"elementor-column elementor-col-100 elementor-top-column elementor-element elementor-element-aa8914c\" data-id=\"aa8914c\" data-element_type=\"column\" data-e-type=\"column\">\n\t\t\t<div class=\"elementor-widget-wrap elementor-element-populated\">\n\t\t\t\t\t\t<div class=\"elementor-element elementor-element-99acb6f elementor-widget elementor-widget-heading\" data-id=\"99acb6f\" data-element_type=\"widget\" data-e-type=\"widget\" data-widget_type=\"heading.default\">\n\t\t\t\t<div class=\"elementor-widget-container\">\n\t\t\t\t\t<h2 class=\"elementor-heading-title elementor-size-default\">Know How Aziendale<\/h2>\t\t\t\t<\/div>\n\t\t\t\t<\/div>\n\t\t\t\t\t<\/div>\n\t\t<\/div>\n\t\t\t\t\t<\/div>\n\t\t<\/section>\n\t\t\t\t<section class=\"elementor-section elementor-top-section elementor-element elementor-element-7ba55c8d elementor-section-boxed elementor-section-height-default elementor-section-height-default\" data-id=\"7ba55c8d\" data-element_type=\"section\" data-e-type=\"section\">\n\t\t\t\t\t\t<div class=\"elementor-container elementor-column-gap-default\">\n\t\t\t\t\t<div class=\"elementor-column elementor-col-100 elementor-top-column elementor-element elementor-element-1a03580f\" data-id=\"1a03580f\" data-element_type=\"column\" data-e-type=\"column\">\n\t\t\t<div class=\"elementor-widget-wrap elementor-element-populated\">\n\t\t\t\t\t\t<div class=\"elementor-element elementor-element-6fa86295 elementor-widget elementor-widget-text-editor\" data-id=\"6fa86295\" data-element_type=\"widget\" data-e-type=\"widget\" data-widget_type=\"text-editor.default\">\n\t\t\t\t<div class=\"elementor-widget-container\">\n\t\t\t\t\t\t\t\t\t\n<p>\u2022&nbsp;<strong>know-how tecnologico<\/strong>. Sviluppo e realizzazione dei prodotti e dei relativi procedimenti di ottenimento. Il know-how tecnologico pu\u00f2 originarsi attraverso una o pi\u00f9 fasi. che possono essere sia empiriche che sperimentali. Questo avviene attraverso l\u2019utilizzo di tutte le informazioni acquisite a livello teorico, di laboratorio, commerciale etc.<\/p>\n\n\n\n<p>\u2022&nbsp;<strong>Know-how commerciale<\/strong>. \u00c8 l\u2019insieme delle informazioni che un\u2019azienda possiede in relazione ai prodotti, alle loro modificazioni o messe a punto. Agli adattamenti richiesti dai clienti o da tipologie di clienti, agli usi a cui sono destinati e alla loro resa. Questo tipo di know-how deriva dalle attivit\u00e0 di marketing, di assistenza ai clienti. Dalla catalogazione dei risultati ottenuti a seconda del tipo di cliente, dell\u2019ambiente ove il prodotto viene utilizzato e di tutti gli altri fattori che possono influire sul prodotto e sugli utenti o acquirenti dello stesso.<\/p>\n\n\n\n<p>\u2022&nbsp;<strong>Know-how finanziario<\/strong>. \u00c8 l\u2019insieme delle informazioni poste a supporto dell\u2019attivit\u00e0 gestionale ed in particolare dell\u2019attivit\u00e0 commerciale. Informazioni che comprendono tutte le metodologie atte a rendere finanziariamente pi\u00f9 conveniente l\u2019acquisto del prodotto da parte di terzi.<\/p>\n\n\n\n<p>\u2022&nbsp;<strong>Know-how strategico<\/strong>. \u00c8 l\u2019insieme di quelle informazioni che caratterizzano particolarmente l\u2019azienda nei confronti delle aziende concorrenti. Questo tipo di know-how si identifica nella politica aziendale tesa alle collaborazioni come per la ricerca, la costituzione di societ\u00e0 miste, utilizzazione o creazione di laboratori finalizzati.<\/p>\n\n\n\n<p>Il complesso di conoscenze che caratterizza il <strong>know how aziendale<\/strong>&nbsp;non&nbsp;\u00e8 generalmente protetto da una&nbsp;tutela brevettuale, sia perch\u00e9 spesso non \u00e8 brevettabile, sia perch\u00e9 si \u00e8 scelto di non porlo sotto questo tipo di tutela.<\/p>\n\t\t\t\t\t\t\t\t<\/div>\n\t\t\t\t<\/div>\n\t\t\t\t\t<\/div>\n\t\t<\/div>\n\t\t\t\t\t<\/div>\n\t\t<\/section>\n\t\t\t\t<section class=\"elementor-section elementor-top-section elementor-element elementor-element-8dc531a elementor-section-boxed elementor-section-height-default elementor-section-height-default\" data-id=\"8dc531a\" data-element_type=\"section\" data-e-type=\"section\">\n\t\t\t\t\t\t<div class=\"elementor-container elementor-column-gap-default\">\n\t\t\t\t\t<div class=\"elementor-column elementor-col-100 elementor-top-column elementor-element elementor-element-eb3017e\" data-id=\"eb3017e\" data-element_type=\"column\" data-e-type=\"column\">\n\t\t\t<div class=\"elementor-widget-wrap elementor-element-populated\">\n\t\t\t\t\t\t<div class=\"elementor-element elementor-element-cf5e84d elementor-widget elementor-widget-heading\" data-id=\"cf5e84d\" data-element_type=\"widget\" data-e-type=\"widget\" data-widget_type=\"heading.default\">\n\t\t\t\t<div class=\"elementor-widget-container\">\n\t\t\t\t\t<h2 class=\"elementor-heading-title elementor-size-default\">Una buona gestione del know how aziendale offre alcuni importanti vantaggi<\/h2>\t\t\t\t<\/div>\n\t\t\t\t<\/div>\n\t\t\t\t\t<\/div>\n\t\t<\/div>\n\t\t\t\t\t<\/div>\n\t\t<\/section>\n\t\t\t\t<section class=\"elementor-section elementor-top-section elementor-element elementor-element-5e12756 elementor-section-boxed elementor-section-height-default elementor-section-height-default\" data-id=\"5e12756\" data-element_type=\"section\" data-e-type=\"section\">\n\t\t\t\t\t\t<div class=\"elementor-container elementor-column-gap-default\">\n\t\t\t\t\t<div class=\"elementor-column elementor-col-100 elementor-top-column elementor-element elementor-element-d26f2d3\" data-id=\"d26f2d3\" data-element_type=\"column\" data-e-type=\"column\">\n\t\t\t<div class=\"elementor-widget-wrap elementor-element-populated\">\n\t\t\t\t\t\t<div class=\"elementor-element elementor-element-432909f elementor-widget elementor-widget-text-editor\" data-id=\"432909f\" data-element_type=\"widget\" data-e-type=\"widget\" data-widget_type=\"text-editor.default\">\n\t\t\t\t<div class=\"elementor-widget-container\">\n\t\t\t\t\t\t\t\t\t<ul>\n<li>Dare una\u00a0rappresentazione completa dell\u2019azienda e della sua forza\u00a0a favore di investitori, banche e soci. Il know how pu\u00f2 essere iscritto a bilancio ed \u00e8 a tutti gli effetti un\u2019immobilizzazione al pari dei macchinari e delle attrezzature o del capannone. Non si svaluta anzi cresce all\u2019aumentare del vantaggio competitivo che rappresenta, anche grazie agli sforzi in\u00a0<a href=\"https:\/\/www.mise.gov.it\/index.php\/it\/incentivi\/impresa\/credito-d-imposta-r-s\">innovazione e ricerca e sviluppo<\/a>.\u00a0<br \/><br \/><\/li>\n<li>Inserire il know how a bilancio rafforza il patrimonio netto ed ha effetto\u00a0<a href=\"https:\/\/www.alzarating.com\/rating-aziendale-come-posso-migliorarlo\/\">sul\u00a0rating aziendale,<\/a>\u00a0contribuendo cos\u00ec ad\u00a0abbassare il costo finanziario\u00a0del denaro, generando\u00a0risparmi.<br \/><br \/><\/li>\n<li>Sfruttare le norme sulla\u00a0rivalutazione<br \/><br \/><\/li>\n<li>Pu\u00f2 essere conferito ad una societ\u00e0 destinata a raccogliere tutti gli intangibili come brevetti e marchi, che pu\u00f2 pagare\u00a0royalties a favore dei soci e dell\u2019azienda. Le royalties incassate potrebbero beneficiare della norma sul Patent Box per ridurne il carico fiscale.\u00a0<br \/><br \/><\/li>\n<li>\u00a0Proteggersi\u00a0da dipendenti infedeli e competitor, garantendo la continuit\u00e0 del business proteggendolo\u00a0da minacce esterne e interne, cos\u00ec come richieste dal\u00a0<a href=\"https:\/\/www.altalex.com\/documents\/news\/2020\/11\/16\/codice-crisi-di-impresa-novita-del-decreto-correttivo\">nuovo Codice per la Crisi d\u2019Impresa.<\/a><\/li>\n<\/ul>\t\t\t\t\t\t\t\t<\/div>\n\t\t\t\t<\/div>\n\t\t\t\t\t<\/div>\n\t\t<\/div>\n\t\t\t\t\t<\/div>\n\t\t<\/section>\n\t\t\t\t<section class=\"elementor-section elementor-top-section elementor-element elementor-element-88d547c elementor-section-boxed elementor-section-height-default elementor-section-height-default\" data-id=\"88d547c\" data-element_type=\"section\" data-e-type=\"section\">\n\t\t\t\t\t\t<div class=\"elementor-container elementor-column-gap-default\">\n\t\t\t\t\t<div class=\"elementor-column elementor-col-100 elementor-top-column elementor-element elementor-element-5365665\" data-id=\"5365665\" data-element_type=\"column\" data-e-type=\"column\">\n\t\t\t<div class=\"elementor-widget-wrap elementor-element-populated\">\n\t\t\t\t\t\t<div class=\"elementor-element elementor-element-9d6e367 elementor-widget elementor-widget-text-editor\" data-id=\"9d6e367\" data-element_type=\"widget\" data-e-type=\"widget\" data-widget_type=\"text-editor.default\">\n\t\t\t\t<div class=\"elementor-widget-container\">\n\t\t\t\t\t\t\t\t\t<p>Gli strumenti a favore del Know How aziendale sono molti e differenziati: la legge di Bilancio 2020 ha previsto la sua possibile rivalutazione in bilancio, il\u00a0Bonus innovazione\u00a0prevede tra le voci ammissibili gli asset intangibili, e ancora il gi\u00e0 presente\u00a0Patent box. Senza dimenticare la facolt\u00e0 di capitalizzazione con risvolti positivi in ambito di Rating.<\/p>\n<p>Studio Pixel \u00e8 a fianco dei propri clienti\u00a0 per aiutarli a comprendere quanto \u00e8 importante il Know How aziendale e soprattutto quanto \u00e8 fondamentale ottimizzarlo, valorizzarlo e proteggerlo.<\/p>\n<p>Con Studio Pixel avrai l\u2019opportunit\u00e0 di:<\/p>\n<ul>\n<li>Innovare l\u2019approccio di gestione al know how aziendale e portare nella tua azienda innovazione culturale, organizzativa e tecnologica.<\/li>\n<li>Diffondere la cultura del &#8220;<b>knowledge sharing<\/b>\u201d e aumentare le capacit\u00e0 e le competenze delle risorse umane, aumentando produttivit\u00e0 e competitivit\u00e0 aziendale.<\/li>\n<li>Individuare migliorare e ottimizzare la gestione delle conoscenze aziendali \u201ccritiche\u201d che sono importanti per raggiungere i tuoi obiettivi di business.<\/li>\n<\/ul>\t\t\t\t\t\t\t\t<\/div>\n\t\t\t\t<\/div>\n\t\t\t\t\t<\/div>\n\t\t<\/div>\n\t\t\t\t\t<\/div>\n\t\t<\/section>\n\t\t\t\t<\/div>\n\t\t","protected":false},"excerpt":{"rendered":"<p>Know How Aziendale \u2022&nbsp;know-how tecnologico. Sviluppo e realizzazione dei prodotti e dei relativi procedimenti di ottenimento. Il know-how tecnologico pu\u00f2 originarsi attraverso una o pi\u00f9 fasi. che possono essere sia empiriche che sperimentali. Questo avviene attraverso l\u2019utilizzo di tutte le informazioni acquisite a livello teorico, di laboratorio, commerciale etc. \u2022&nbsp;Know-how commerciale. \u00c8 l\u2019insieme delle informazioni [&hellip;]<\/p>\n","protected":false},"author":2,"featured_media":0,"parent":0,"menu_order":0,"comment_status":"closed","ping_status":"closed","template":"","meta":{"_acf_changed":false,"footnotes":""},"class_list":["post-5217","page","type-page","status-publish","hentry"],"acf":[],"_links":{"self":[{"href":"https:\/\/studiopixelsa.it\/index.php?rest_route=\/wp\/v2\/pages\/5217","targetHints":{"allow":["GET"]}}],"collection":[{"href":"https:\/\/studiopixelsa.it\/index.php?rest_route=\/wp\/v2\/pages"}],"about":[{"href":"https:\/\/studiopixelsa.it\/index.php?rest_route=\/wp\/v2\/types\/page"}],"author":[{"embeddable":true,"href":"https:\/\/studiopixelsa.it\/index.php?rest_route=\/wp\/v2\/users\/2"}],"replies":[{"embeddable":true,"href":"https:\/\/studiopixelsa.it\/index.php?rest_route=%2Fwp%2Fv2%2Fcomments&post=5217"}],"version-history":[{"count":11,"href":"https:\/\/studiopixelsa.it\/index.php?rest_route=\/wp\/v2\/pages\/5217\/revisions"}],"predecessor-version":[{"id":5237,"href":"https:\/\/studiopixelsa.it\/index.php?rest_route=\/wp\/v2\/pages\/5217\/revisions\/5237"}],"wp:attachment":[{"href":"https:\/\/studiopixelsa.it\/index.php?rest_route=%2Fwp%2Fv2%2Fmedia&parent=5217"}],"curies":[{"name":"wp","href":"https:\/\/api.w.org\/{rel}","templated":true}]}}